{"id":111,"date":"2017-08-15T19:37:18","date_gmt":"2017-08-15T17:37:18","guid":{"rendered":"http:\/\/www.ctverka.net\/?page_id=111"},"modified":"2021-01-03T18:06:18","modified_gmt":"2021-01-03T17:06:18","slug":"cinnost-strediska","status":"publish","type":"page","link":"https:\/\/8pp.skautifm.cz\/index.php\/cinnost-strediska\/","title":{"rendered":"\u010cinnost st\u0159ediska"},"content":{"rendered":"<h1><span style=\"color: #333399;\">Dru\u017einovky<\/span><\/h1>\n<p>Tak \u0159\u00edk\u00e1me pravideln\u00fdm sch\u016fzk\u00e1m opakuj\u00edc\u00edm se ka\u017ed\u00fd t\u00fdden p\u0159es cel\u00fd \u0161koln\u00ed rok.<\/p>\n<p>N\u00e1pln\u00ed dru\u017einovek jsou p\u0159ev\u00e1\u017en\u011b hry a tak\u00e9 nezbytn\u00e1 praxe. D\u011bti si hraj\u00ed a z\u00e1rove\u0148 se nen\u00e1silnou formou u\u010d\u00ed nov\u00fdm dovednostem. To v\u0161e v part\u011b lid\u00ed, kterou dob\u0159e znaj\u00ed a pod veden\u00edm zku\u0161en\u00e9ho r\u00e1dce.<\/p>\n<h1><span style=\"color: #333399;\">V\u00fdpravy<\/span><\/h1>\n<p>Konaj\u00ed se n\u011bkolikr\u00e1t do m\u011bs\u00edce. Jsou to \u010dasto v\u00fdlety do okol\u00ed m\u011bsta na hory, d\u00e1le n\u00e1v\u0161t\u011bvy za\u0159\u00edzen\u00ed, jako je nap\u0159\u00edklad baz\u00e9n \u010di horolezeck\u00e1 st\u011bna, nebo z\u00e1bavn\u00e1 odpoledne v okol\u00ed na\u0161\u00ed klubovny. Tyto akce prob\u00edhaj\u00ed p\u0159ev\u00e1\u017en\u011b v sobotu. Pozv\u00e1nky na n\u011b pos\u00edl\u00e1me e-mailem a zve\u0159ej\u0148ujeme na webu.<\/p>\n<h1><span style=\"color: #333399;\">V\u00edkendovky<\/span><\/h1>\n<p>Obvykle po\u0159\u00e1d\u00e1me 4 v\u00edkendov\u00e9 akce v roce. Na tyto akce odj\u00ed\u017ed\u00edme obvykle v p\u00e1tek ve\u010der a vrac\u00edme se v ned\u011bli. V\u017edy se sna\u017e\u00edme, aby byly n\u011b\u010d\u00edm origin\u00e1ln\u00ed. V\u00fdhodou je, \u017ee d\u011bti spolu tr\u00e1v\u00ed v\u00edce dn\u016f, a proto se mohou vztahy v jejich part\u011b utu\u017eovat a mohou se vz\u00e1jemn\u011b l\u00e9pe poznat. P\u0159ipravuj\u00ed se tak tak\u00e9 na t\u00e1bor.<\/p>\n<h1><span style=\"color: #333399;\">T\u00e1bor<\/span><\/h1>\n<p>Na\u0161e st\u0159edisko pravideln\u011b po\u0159\u00e1d\u00e1 letn\u00ed t\u00e1bory. Konaj\u00ed se v prvn\u00ed polovin\u011b letn\u00edch pr\u00e1zdnin. D\u00e9lka t\u00e1bora b\u00fdv\u00e1 kolem 14 dn\u00ed. Ubytov\u00e1ni jsme v podsadov\u00fdch stanech. N\u00e1pln\u00ed jsou hlavn\u011b hry a pozn\u00e1v\u00e1n\u00ed bl\u00edzk\u00e9ho okol\u00ed t\u00e1bora. Hlavn\u00edm c\u00edlem je nau\u010dit na\u0161e \u010dleny postarat se sami o sebe, nau\u010dit se v\u011bcem, kter\u00e9 pak m\u016f\u017eou pou\u017e\u00edt v b\u011b\u017en\u00e9m \u017eivot\u011b a hlavn\u011b toleranci a sou\u017eit\u00ed s ostatn\u00edmi lidmi.<\/p>\n<p>Na na\u0161ich t\u00e1borech tedy ne\u010dekejte profesion\u00e1ln\u00ed servis &#8211; holky a kluci musej\u00ed pom\u00e1hat nap\u0159. s obstar\u00e1v\u00e1n\u00edm d\u0159eva do kuchyn\u011b, \u0161kr\u00e1b\u00e1n\u00edm brambor, myt\u00edm n\u00e1dob\u00ed, &#8230; a t\u00edm se u\u010d\u00ed postarat sami o sebe. Krom\u011b my\u0161lenkov\u00e9ho z\u00e1kladu a toho, \u017ee tam d\u011bti jedou s lidmi, kter\u00e9 znaj\u00ed ze sch\u016fzek, se pr\u00e1v\u011b t\u00edmto li\u0161\u00edme od komer\u010dn\u00edch t\u00e1bor\u016f.<\/p>\n<p>Ta na prvn\u00ed pohled z\u00e1bavn\u011bj\u0161\u00ed \u010d\u00e1st programu t\u00e1bora se klasicky skl\u00e1d\u00e1 z etapov\u00e9 (celot\u00e1borov\u00e9) hry, kter\u00e9 je ka\u017ed\u00fd rok na jin\u00e9 t\u00e9ma, jin\u00fdch sport\u016f, t\u00e1bor\u00e1k\u016f, v\u00fdlet\u016f, pln\u011bn\u00ed v\u00fdzev, no\u010dn\u00ed hry, &#8230;<\/p>\n<h1><span style=\"color: #333399;\">V\u011bt\u0161\u00ed akce<\/span><\/h1>\n<p>Bude-li z\u00e1jem, jsme schopni vyjet tak\u00e9 na v\u011bt\u0161\u00ed a \u010dasto mezin\u00e1rodn\u00ed akce, kter\u00e9 n\u00e1m \u010dlenstv\u00ed v Jun\u00e1ku a sv\u011btov\u00e9 skautsk\u00e9 organizaci WOSM nab\u00edz\u00ed. Nejv\u011bt\u0161\u00ed z nich je sv\u011btov\u00e9 jamboree. To by se dalo dv\u011bma slovy popsat jako <em>skautsk\u00fd festival<\/em>. Kon\u00e1 se ka\u017ed\u00e9 \u010dty\u0159i roky v jin\u00e9 zemi sv\u011bta. Existuj\u00ed tak\u00e9 <em>st\u0159edoevropsk\u00e1 jamboree<\/em>, republikov\u00e9 akce atd. V Evrop\u011b je spousta skautsk\u00fdch z\u00e1kladen, kam jezd\u00ed skauti z r\u016fzn\u00fdch zem\u00ed, a je mo\u017en\u00e9 m\u00edt t\u00e1bor na jedn\u00e9 z nich.<\/p>\n<p>Obecn\u011b v\u0161ak plat\u00ed, \u017ee tyto akce jsou mnohem dra\u017e\u0161\u00ed ne\u017e klasick\u00fd t\u00e1bor a je t\u0159eba je pl\u00e1novat d\u00e9le dop\u0159edu (m\u00edvaj\u00ed omezen\u00ed na po\u010det \u00fa\u010dastn\u00edk\u016f i v\u011bk). Proto se jich posledn\u00ed dobou ne\u00fa\u010dastn\u00edme. <strong>M\u00edt v\u0161ak dostatek z\u00e1jemc\u016f, kte\u0159\u00ed budou ochotni si danou akci zaplatit, velmi r\u00e1di s nimi n\u011bkam vyjedeme.<\/strong><\/p>\n<p>PS: P\u0159\u00ed\u0161t\u00ed sv\u011btov\u00e9 jamboree bude <a href=\"http:\/\/www.2019wsj.org\/\">v roce 2019 v USA:<\/a><\/p>\n<p><iframe loading=\"lazy\" src=\"https:\/\/www.youtube-nocookie.com\/embed\/vxCd-lHWXas\" width=\"560\" height=\"315\" frameborder=\"0\" allowfullscreen=\"allowfullscreen\"><\/iframe><\/p>\n<h1><span style=\"color: #333399;\">Kurzy<\/span><\/h1>\n<p>Zhruba od skautsk\u00e9ho v\u011bku (12+) jezd\u00edme na r\u016fzn\u00e9 kurzy. Kdo m\u00e1 ambice pokra\u010dovat jako vedouc\u00ed d\u011bt\u00ed, za\u010d\u00edn\u00e1 r\u00e1dcovsk\u00fdm kurzem &#8211; minimem pro r\u00e1dce, pokra\u010duje \u010dekatelsk\u00fdm &#8211; pak m\u016f\u017ee pom\u00e1hat s veden\u00edm odd\u00edlu &#8211; a kon\u010d\u00ed v\u016fdcovsk\u00fdm &#8211; m\u016f\u017ee v\u00e9st odd\u00edl nebo t\u00e1bor. Kdo hled\u00e1 odbornost, m\u016f\u017ee j\u00edt na lan\u00e1\u010d, nau\u010dit se pr\u00e1ci s k\u016f\u017e\u00ed, nebo si ud\u011blat kurz zdravotn\u00edka zotavovac\u00edch akc\u00ed. A kdo si chce st\u00e1le hr\u00e1t, jde na roversk\u00fd kurz, co\u017e je vlastn\u011b skautsk\u00fd t\u00e1bor. Akor\u00e1t pro star\u0161\u00ed.<\/p>\n","protected":false},"excerpt":{"rendered":"<p>Dru\u017einovky Tak \u0159\u00edk\u00e1me pravideln\u00fdm sch\u016fzk\u00e1m opakuj\u00edc\u00edm se ka\u017ed\u00fd t\u00fdden p\u0159es cel\u00fd \u0161koln\u00ed rok. N\u00e1pln\u00ed dru\u017einovek jsou p\u0159ev\u00e1\u017en\u011b hry a tak\u00e9 nezbytn\u00e1 praxe. D\u011bti si hraj\u00ed a z\u00e1rove\u0148 se nen\u00e1silnou formou u\u010d\u00ed nov\u00fdm dovednostem. To v\u0161e v part\u011b lid\u00ed, kterou dob\u0159e znaj\u00ed a pod veden\u00edm zku\u0161en\u00e9ho r\u00e1dce. V\u00fdpravy Konaj\u00ed se n\u011bkolikr\u00e1t do m\u011bs\u00edce. Jsou to \u010dasto <a href=\"https:\/\/8pp.skautifm.cz\/index.php\/cinnost-strediska\/\" rel=\"nofollow\"><span class=\"sr-only\">P\u0159e\u010d\u00edst si v\u00edc o\u010cinnost st\u0159ediska<\/span>[&hellip;]<\/a><\/p>\n","protected":false},"author":1,"featured_media":0,"parent":0,"menu_order":0,"comment_status":"closed","ping_status":"closed","template":"template-fullwidth.php","meta":[],"_links":{"self":[{"href":"https:\/\/8pp.skautifm.cz\/index.php\/wp-json\/wp\/v2\/pages\/111"}],"collection":[{"href":"https:\/\/8pp.skautifm.cz\/index.php\/wp-json\/wp\/v2\/pages"}],"about":[{"href":"https:\/\/8pp.skautifm.cz\/index.php\/wp-json\/wp\/v2\/types\/page"}],"author":[{"embeddable":true,"href":"https:\/\/8pp.skautifm.cz\/index.php\/wp-json\/wp\/v2\/users\/1"}],"replies":[{"embeddable":true,"href":"https:\/\/8pp.skautifm.cz\/index.php\/wp-json\/wp\/v2\/comments?post=111"}],"version-history":[{"count":20,"href":"https:\/\/8pp.skautifm.cz\/index.php\/wp-json\/wp\/v2\/pages\/111\/revisions"}],"predecessor-version":[{"id":887,"href":"https:\/\/8pp.skautifm.cz\/index.php\/wp-json\/wp\/v2\/pages\/111\/revisions\/887"}],"wp:attachment":[{"href":"https:\/\/8pp.skautifm.cz\/index.php\/wp-json\/wp\/v2\/media?parent=111"}],"curies":[{"name":"wp","href":"https:\/\/api.w.org\/{rel}","templated":true}]}}