{"id":1646,"date":"2023-10-12T20:02:48","date_gmt":"2023-10-12T18:02:48","guid":{"rendered":"https:\/\/8pp.skautifm.cz\/?page_id=1646"},"modified":"2025-09-07T13:04:14","modified_gmt":"2025-09-07T11:04:14","slug":"druziny","status":"publish","type":"page","link":"https:\/\/8pp.skautifm.cz\/index.php\/druziny\/","title":{"rendered":"Dru\u017einy"},"content":{"rendered":"\n<p>Na\u0161e odd\u00edly nav\u0161t\u011bvuje mnoho d\u011bt\u00ed r\u016fzn\u00fdch v\u011bkov\u00fdch kategori\u00ed. Dru\u017einy jsou mal\u00e9 skupiny vrstevn\u00edk\u016f, kde se d\u011bti pohybuj\u00ed mezi sv\u00fdmi. D\u00edky n\u00edzk\u00e9mu po\u010dtu d\u011bt\u00ed v dru\u017ein\u011b m\u016f\u017eeme budovat p\u016fdu pro pevn\u00e9 vztahy, funk\u010dn\u00ed citov\u00e9 z\u00e1zem\u00ed a r\u00e1dci se mohou v\u011bnovat d\u011btem individu\u00e1ln\u011b. Moment\u00e1ln\u011b m\u00e1me 4 dru\u017einy pro v\u0161echny v\u011bkov\u00e9 kategorie. <\/p>\n\n\n\n<hr class=\"wp-block-separator has-alpha-channel-opacity is-style-dots\"\/>\n\n\n\n<p><strong>Benjam\u00ednci (kluci a holky 5-7 let)<\/strong><\/p>\n\n\n\n<p>Sch\u00e1z\u00ed se ka\u017ed\u00e9 pond\u011bl\u00ed v \u010dase 16:00-18:00<\/p>\n\n\n\n<figure class=\"wp-block-table\"><table><tbody><tr><td>(Kl\u00ed\u0161t\u011b) Kl\u00e1ra Slep\u00e1kov\u00e1<\/td><td>732 731 100<\/td><td>klarkaslepakova@seznam.cz<\/td><\/tr><tr><td><strong>Andy Olejn\u00edkov\u00e1<\/strong><\/td><td><strong>732 356 612<\/strong><\/td><td>olejnikova.<strong>andrea<\/strong>@skaut.cz<\/td><\/tr><\/tbody><\/table><\/figure>\n\n\n\n<hr class=\"wp-block-separator has-alpha-channel-opacity is-style-dots\"\/>\n\n\n\n<p><strong>Sv\u011btlu\u0161ky (7-11 let)<\/strong><\/p>\n\n\n\n<p>Sch\u00e1z\u00ed se ka\u017ed\u00e9 \u00fater\u00fd v \u010dase 16:00-18:00<\/p>\n\n\n\n<figure class=\"wp-block-table\"><table><tbody><tr><td>O\u0159\u00ed\u0161ek (Linda Zike\u0161ov\u00e1)<\/td><td>735 594 195<\/td><td>linda.zikesova@skaut.cz<\/td><\/tr><tr><td>\u010c\u00ed\u010da (Karol\u00edna Kol\u00e1\u0159ov\u00e1)<\/td><td>732 201 281<\/td><td>karolina.kolarova@skaut.cz<\/td><\/tr><\/tbody><\/table><\/figure>\n\n\n\n<hr class=\"wp-block-separator has-css-opacity is-style-dots\"\/>\n\n\n\n<p><strong>Vl\u010data (kluci 7-10 let)<\/strong><\/p>\n\n\n\n<p>Sch\u00e1z\u00ed se ka\u017ed\u00e9 \u00fater\u00fd v \u010dase 16:00-18:00<\/p>\n\n\n\n<figure class=\"wp-block-table\"><table><tbody><tr><td><strong><strong>Ta\u0165\u00e1na Kmo\u0161\u0165\u00e1kov\u00e1<\/strong><\/strong><\/td><td><strong>&nbsp;792 420 749<\/strong><\/td><td><strong>tatana.kmostakova@gmail.com<\/strong><\/td><\/tr><tr><td>Drobek (Jan Slep\u00e1k)<\/td><td><\/td><td><\/td><\/tr><tr><td>Jakub B\u0159ezina<\/td><td><\/td><td><\/td><\/tr><\/tbody><\/table><\/figure>\n\n\n\n<hr class=\"wp-block-separator has-css-opacity is-style-dots\"\/>\n\n\n\n<p><strong>Koedukovan\u00e1 dru\u017eina (kluci a holky 11-15 let)<\/strong><\/p>\n\n\n\n<p>Sch\u00e1z\u00ed se ka\u017ed\u00fd \u010dtvrtek v \u010dase 16:00-18:00<\/p>\n\n\n\n<figure class=\"wp-block-table\"><table><tbody><tr><td><strong><strong>Barbora Pe\u0161i\u010dkov\u00e1<\/strong><\/strong><\/td><td><strong>732 617 801<\/strong><\/td><td><strong>barca.2005@skaut.cz<\/strong><\/td><\/tr><tr><td>Kl\u00e1ra Smolar\u010dukov\u00e1<\/td><td><\/td><td><\/td><\/tr><tr><td>Svi\u0161t\u00edk (Pavl\u00edna Fuskov\u00e1)<\/td><td><\/td><td><\/td><\/tr><\/tbody><\/table><\/figure>\n\n\n\n<hr class=\"wp-block-separator has-alpha-channel-opacity is-style-dots\"\/>\n\n\n\n<p><strong>Rove\u0159i a rangers (kluci a holky 15+)<\/strong><\/p>\n\n\n\n<p>Sch\u00e1z\u00ed se jednou m\u011bs\u00ed\u010dn\u011b.<\/p>\n\n\n\n<figure class=\"wp-block-table\"><table><tbody><tr><td><strong>Bub\u00e1k (Alexandr Escalante)<\/strong><\/td><td>733 281 960<\/td><td>bubak77@skaut.cz<\/td><\/tr><tr><td>Zub\u011bnka (Anna Bukovjanov\u00e1)<\/td><td><\/td><td><\/td><\/tr><\/tbody><\/table><\/figure>\n\n\n\n<p>Pokud m\u00e1te z\u00e1jem sv\u00e9 d\u00edt\u011b do skautu p\u0159ihl\u00e1sit, a v\u00edte, kter\u00e1 z dru\u017ein V\u00e1m nejl\u00e9pe vyhovuje, obra\u0165te se na prim\u00e1rn\u00ed kontakt pro rodi\u010de uveden\u00fd v sekci Kontakty.<\/p>\n","protected":false},"excerpt":{"rendered":"<p>Na\u0161e odd\u00edly nav\u0161t\u011bvuje mnoho d\u011bt\u00ed r\u016fzn\u00fdch v\u011bkov\u00fdch kategori\u00ed. Dru\u017einy jsou mal\u00e9 skupiny vrstevn\u00edk\u016f, kde se d\u011bti pohybuj\u00ed mezi sv\u00fdmi. D\u00edky n\u00edzk\u00e9mu po\u010dtu d\u011bt\u00ed v dru\u017ein\u011b m\u016f\u017eeme budovat p\u016fdu pro pevn\u00e9 vztahy, funk\u010dn\u00ed citov\u00e9 z\u00e1zem\u00ed a r\u00e1dci se mohou v\u011bnovat d\u011btem individu\u00e1ln\u011b. Moment\u00e1ln\u011b m\u00e1me 4 dru\u017einy pro v\u0161echny v\u011bkov\u00e9 kategorie. Benjam\u00ednci (kluci a holky 5-7 let) <a href=\"https:\/\/8pp.skautifm.cz\/index.php\/druziny\/\" rel=\"nofollow\"><span class=\"sr-only\">P\u0159e\u010d\u00edst si v\u00edc oDru\u017einy<\/span>[&hellip;]<\/a><\/p>\n","protected":false},"author":8,"featured_media":1334,"parent":0,"menu_order":0,"comment_status":"closed","ping_status":"closed","template":"","meta":[],"_links":{"self":[{"href":"https:\/\/8pp.skautifm.cz\/index.php\/wp-json\/wp\/v2\/pages\/1646"}],"collection":[{"href":"https:\/\/8pp.skautifm.cz\/index.php\/wp-json\/wp\/v2\/pages"}],"about":[{"href":"https:\/\/8pp.skautifm.cz\/index.php\/wp-json\/wp\/v2\/types\/page"}],"author":[{"embeddable":true,"href":"https:\/\/8pp.skautifm.cz\/index.php\/wp-json\/wp\/v2\/users\/8"}],"replies":[{"embeddable":true,"href":"https:\/\/8pp.skautifm.cz\/index.php\/wp-json\/wp\/v2\/comments?post=1646"}],"version-history":[{"count":16,"href":"https:\/\/8pp.skautifm.cz\/index.php\/wp-json\/wp\/v2\/pages\/1646\/revisions"}],"predecessor-version":[{"id":1894,"href":"https:\/\/8pp.skautifm.cz\/index.php\/wp-json\/wp\/v2\/pages\/1646\/revisions\/1894"}],"wp:featuredmedia":[{"embeddable":true,"href":"https:\/\/8pp.skautifm.cz\/index.php\/wp-json\/wp\/v2\/media\/1334"}],"wp:attachment":[{"href":"https:\/\/8pp.skautifm.cz\/index.php\/wp-json\/wp\/v2\/media?parent=1646"}],"curies":[{"name":"wp","href":"https:\/\/api.w.org\/{rel}","templated":true}]}}