{"id":22,"date":"2017-08-14T22:12:12","date_gmt":"2017-08-14T20:12:12","guid":{"rendered":"http:\/\/www.ctverka.net\/?page_id=22"},"modified":"2024-03-18T06:38:37","modified_gmt":"2024-03-18T05:38:37","slug":"pro-rodice","status":"publish","type":"page","link":"https:\/\/8pp.skautifm.cz\/index.php\/pro-rodice\/","title":{"rendered":"Pro rodi\u010de a nov\u00e1\u010dky"},"content":{"rendered":"<h1>P\u0159ihl\u00e1\u0161en\u00ed<\/h1>\n<ul>\n<li>Pokud chcete vstoupit (p\u0159ihl\u00e1sit d\u00edt\u011b) do odd\u00edlu, kontaktujte nejprve v\u016fdce odd\u00edlu (<a href=\"http:\/\/www.ctverka.net\/index.php\/kontakty\/\">Kontakty<\/a>).<\/li>\n<li>N\u00e1sledn\u011b m\u016f\u017eete p\u0159ij\u00edt na prvn\u00ed sch\u016fzku dan\u00e9 dru\u017einy. S sebou pap\u00edr, tu\u017eku, sva\u010dinku a oble\u010den\u00ed, kter\u00e9 se m\u016f\u017ee za\u0161pinit. Nezapome\u0148te p\u0159edat p\u0159\u00edtomn\u00e9mu r\u00e1dci z\u00e1kladn\u00ed kontakt na sebe (jm\u00e9no, \u010d\u00edslo, e-mail). \u010c\u00edslo na r\u00e1dce najdete op\u011bt v sekci\u00a0<a href=\"http:\/\/www.ctverka.net\/index.php\/kontakty\/\">Kontakty.<\/a><\/li>\n<\/ul>\n<h1>Nej\u010dast\u011bj\u0161\u00ed dotazy<\/h1>\n<h4>Jak se p\u0159ihl\u00e1s\u00edm na akci?<\/h4>\n<p>V pozv\u00e1nk\u00e1ch na akci v\u017edy uv\u00e1d\u00edme kontakt vedouc\u00edho akce a odkaz na online p\u0159ihl\u00e1\u0161ku.<\/p>\n<p>Z\u00e1rove\u0148 \u017e\u00e1d\u00e1me, abyste p\u0159ihl\u00e1\u0161ku vypl\u0148ovali i v p\u0159\u00edpad\u011b, \u017ee na akci nep\u016fjdete.<\/p>\n<p>Stejn\u011b tak je vhodn\u00e9 co nejd\u0159\u00edve poslat SMS r\u00e1dci, pokud nem\u016f\u017ee\u0161 p\u0159ij\u00edt na dru\u017einovku.<\/p>\n<h4>Jak\u00e9 je t\u0159eba vybaven\u00ed?<\/h4>\n<p>Nezbytn\u00e9 vybaven\u00ed <strong>na sch\u016fzku<\/strong>:<\/p>\n<ul>\n<li>propiska\/tu\u017eka,<\/li>\n<li>odd\u00edlov\u00e9 tri\u010dko<\/li>\n<li>odd\u00edlov\u00fd \u0161\u00e1tek<\/li>\n<li>stezka<\/li>\n<li>\u0161\u00e1tek na hry<\/li>\n<li>KPZ<\/li>\n<li>n\u016f\u017e<\/li>\n<li>den\u00edk (na z\u00e1pisky)<\/li>\n<li>\u00a0trhac\u00ed blok (na pap\u00edry)<\/li>\n<li>uzlova\u010dka (asi metrov\u00fd kus lana na procvi\u010dov\u00e1n\u00ed uzl\u016f),<\/li>\n<li>pit\u00ed (p\u0159\u00edpadn\u011b sva\u010dinka)<\/li>\n<\/ul>\n<p>Seznam vybaven\u00ed <strong>na v\u00fdpravy\u00a0<\/strong>uv\u00e1d\u00edme na ka\u017ed\u00e9 pozv\u00e1nce zvl\u00e1\u0161\u0165.<\/p>\n<h4>Jsou skauti v\u011b\u0159\u00edc\u00ed?<\/h4>\n<p>Je pravda, \u017ee origin\u00e1ln\u00ed skautsk\u00fd slib obsahoval povinnost k Bohu a n\u011bkter\u00e9 skautsk\u00e9 odd\u00edly, zvl\u00e1\u0161t\u011b ty <em>s roz\u0161\u00ed\u0159enou duchovn\u00ed v\u00fdchovou<\/em>, se v\u00ed\u0159e v\u011bnuj\u00ed v\u00edce.<\/p>\n<p>\u010cesk\u00fd skauting se od sv\u011btov\u00e9ho mali\u010dko li\u0161\u00ed. Jun\u00e1k &#8211; \u010desk\u00fd skaut a\u017e do rozpadu \u010ceskoslovenska nem\u011bl ve sv\u00e9m slibu povinnost v\u016f\u010di Bohu zakotvenu v\u016fbec. Nyn\u00ed pro ni pou\u017e\u00edv\u00e1 z\u00e1stupn\u00e1 slova \u201eslou\u017eit nejvy\u0161\u0161\u00ed Pravd\u011b a L\u00e1sce\u201c.<\/p>\n<h4>Kdo m\u016f\u017ee vstoupit do skautsk\u00e9ho odd\u00edlu?<\/h4>\n<p>N\u00e1\u0161e st\u0159edisko p\u0159ij\u00edm\u00e1 kluky a holky od 6-7 let, horn\u00ed hranice neexistuje.<\/p>\n<h4>Kdo se o d\u011bti star\u00e1?<\/h4>\n<p>Na pravideln\u00fdch t\u00fddenn\u00edch sch\u016fzk\u00e1ch &#8211; takzvan\u00fdch dru\u017einovk\u00e1ch &#8211; to jsou r\u00e1dcov\u00e9 a podr\u00e1dcov\u00e9. Na akc\u00edch a na t\u00e1borech jsou to pov\u011bt\u0161inou b\u00fdval\u00ed r\u00e1dcov\u00e9 a jin\u00ed rove\u0159i a rangers (\u010dlenov\u00e9 star\u0161\u00ed 15 let), kte\u0159\u00ed t\u0159eba nemaj\u00ed na pravideln\u00e9 veden\u00ed dru\u017einovek \u010das.<\/p>\n<p>V\u0161ichni skaut\u0161t\u00ed vedouc\u00ed jsou dobrovoln\u00edci &#8211; za svou pr\u00e1ci nedost\u00e1vaj\u00ed zaplaceno. Dokonce si za svou \u00fa\u010dast plat\u00ed (by\u0165 sn\u00ed\u017een\u00e9) \u00fa\u010dastnick\u00e9 poplatky\u00a0 a maj\u00ed za sebou n\u011bkter\u00e9 ze skautsk\u00fdch kurz\u016f.<\/p>\n<h4>Kdy je nejlep\u0161\u00ed doba pro vstup do odd\u00edlu?<\/h4>\n<p>Nejv\u00edce nov\u00e1\u010dk\u016f p\u0159ij\u00edm\u00e1me na za\u010d\u00e1tku \u0161koln\u00edho roku. Po dohod\u011b s v\u016fdcem lze i kdykoli b\u011bhem roku.<\/p>\n<h4>Kolik \u010dasu to zabere?<\/h4>\n<p>Z hlediska fungov\u00e1n\u00ed odd\u00edlu i v\u00fdchovy jednotlivce je vhodn\u00e9, aby v\u0161ichni pravideln\u011b chodili jak na dru\u017einovky, tak na v\u00edkendov\u00e9 akce a t\u00e1bory. \u00da\u010dast na sch\u016fzce zabere 2 hodiny, v\u00fdpravy zaberou cca 8 hodin dvakr\u00e1t do m\u011bs\u00edce o v\u00edkendu, v\u00edkendovky cel\u00fd v\u00edkend 2x-4x do roka a t\u00e1bor trv\u00e1 t\u00fdden a\u017e dva. (Do uveden\u00fdch dob nepo\u010d\u00edt\u00e1me dopravu do klubovny.)<\/p>\n<p>R\u00e1dcov\u00e9 si nav\u00edc musej\u00ed prom\u00fd\u0161let program na sch\u016fzku a p\u0159ipravovat materi\u00e1l. To sam\u00e9 plat\u00ed pro jin\u00e9 akce. <strong>U\u017e proto budeme r\u00e1di, kdy\u017e se v p\u0159\u00edpad\u011b hor\u0161\u00edho po\u010das\u00ed rad\u011bji l\u00e9pe oble\u010dete a na akci\/sch\u016fzku p\u016fjdete.<\/strong><\/p>\n<h4>Kolik to stoj\u00ed?<\/h4>\n<p>V\u00fddaje lze rozd\u011blit do t\u0159\u00ed skupin.<\/p>\n<p><strong>\u010clensk\u00e9 poplatky<\/strong> se plat\u00ed p\u0159i vstupu do odd\u00edlu a d\u00e1le 1x do roka. P\u0159i vstupu do odd\u00edlu se plat\u00ed 500 K\u010d. Ro\u010dn\u00ed poplatky se plat\u00ed v lednu a b\u00fdvaj\u00ed kolem 950 K\u010d. Z nich se plat\u00ed zejm\u00e9na \u010dasopisy, \u00farazov\u00e9 poji\u0161t\u011bn\u00ed, vzd\u011bl\u00e1v\u00e1n\u00ed vedouc\u00edch a vybaven\u00ed klubovny.<\/p>\n<p><strong>\u00da\u010dastnick\u00e9 poplatky<\/strong> se plat\u00ed v\u017edy na v\u00fdprav\u011b, kter\u00e9 se \u010dlen \u00fa\u010dastn\u00ed, p\u0159ed v\u00edkendovkou a p\u0159ed t\u00e1borem. Uv\u00e1d\u00edme je v pozv\u00e1nk\u00e1ch na akce. Na v\u00fdpravu na hory se vyb\u00edr\u00e1 kolem 50 K\u010d (doprava), v\u00edkendovky b\u00fdvaj\u00ed za 500-600 K\u010d (doprava, ubytov\u00e1n\u00ed, j\u00eddlo) a t\u00e1bory 3 000 K\u010d (doprava, ubytov\u00e1n\u00ed, j\u00eddlo, materi\u00e1l).<\/p>\n<p><strong>Vybaven\u00ed.\u00a0<\/strong>Na hory jsou t\u0159eba pevn\u00e9 boty (botasky, pohorky) a pl\u00e1\u0161t\u011bnka. Na del\u0161\u00ed akce b\u00fdv\u00e1 pot\u0159eba karimatka, spac\u00e1k, \u010delovka (sv\u00edtilna na hlavu) nebo e\u0161us. Mezi doporu\u010den\u00e9 vybaven\u00ed pat\u0159\u00ed tak\u00e9 \u201eskautsk\u00e9 oble\u010den\u00ed\u201c. Na v\u00fdpravy je dobr\u00e9 nosit odd\u00edlov\u00e9 tri\u010dko p\u0159\u00edpadn\u011b skautsk\u00fd kroj (600 K\u010d). Nav\u00edc je t\u0159eba po\u010d\u00edtat s t\u00edm, \u017ee oble\u010den\u00ed se p\u0159i hr\u00e1ch m\u016f\u017ee za\u0161pinit nebo potrhat.<\/p>\n","protected":false},"excerpt":{"rendered":"<p>P\u0159ihl\u00e1\u0161en\u00ed Pokud chcete vstoupit (p\u0159ihl\u00e1sit d\u00edt\u011b) do odd\u00edlu, kontaktujte nejprve v\u016fdce odd\u00edlu (Kontakty). N\u00e1sledn\u011b m\u016f\u017eete p\u0159ij\u00edt na prvn\u00ed sch\u016fzku dan\u00e9 dru\u017einy. S sebou pap\u00edr, tu\u017eku, sva\u010dinku a oble\u010den\u00ed, kter\u00e9 se m\u016f\u017ee za\u0161pinit. Nezapome\u0148te p\u0159edat p\u0159\u00edtomn\u00e9mu r\u00e1dci z\u00e1kladn\u00ed kontakt na sebe (jm\u00e9no, \u010d\u00edslo, e-mail). \u010c\u00edslo na r\u00e1dce najdete op\u011bt v sekci\u00a0Kontakty. Nej\u010dast\u011bj\u0161\u00ed dotazy Jak se p\u0159ihl\u00e1s\u00edm <a href=\"https:\/\/8pp.skautifm.cz\/index.php\/pro-rodice\/\" rel=\"nofollow\"><span class=\"sr-only\">P\u0159e\u010d\u00edst si v\u00edc oPro rodi\u010de a nov\u00e1\u010dky<\/span>[&hellip;]<\/a><\/p>\n","protected":false},"author":1,"featured_media":0,"parent":0,"menu_order":0,"comment_status":"closed","ping_status":"closed","template":"template-fullwidth.php","meta":[],"_links":{"self":[{"href":"https:\/\/8pp.skautifm.cz\/index.php\/wp-json\/wp\/v2\/pages\/22"}],"collection":[{"href":"https:\/\/8pp.skautifm.cz\/index.php\/wp-json\/wp\/v2\/pages"}],"about":[{"href":"https:\/\/8pp.skautifm.cz\/index.php\/wp-json\/wp\/v2\/types\/page"}],"author":[{"embeddable":true,"href":"https:\/\/8pp.skautifm.cz\/index.php\/wp-json\/wp\/v2\/users\/1"}],"replies":[{"embeddable":true,"href":"https:\/\/8pp.skautifm.cz\/index.php\/wp-json\/wp\/v2\/comments?post=22"}],"version-history":[{"count":28,"href":"https:\/\/8pp.skautifm.cz\/index.php\/wp-json\/wp\/v2\/pages\/22\/revisions"}],"predecessor-version":[{"id":1740,"href":"https:\/\/8pp.skautifm.cz\/index.php\/wp-json\/wp\/v2\/pages\/22\/revisions\/1740"}],"wp:attachment":[{"href":"https:\/\/8pp.skautifm.cz\/index.php\/wp-json\/wp\/v2\/media?parent=22"}],"curies":[{"name":"wp","href":"https:\/\/api.w.org\/{rel}","templated":true}]}}