{"id":23,"date":"2017-08-14T22:12:12","date_gmt":"2017-08-14T20:12:12","guid":{"rendered":"http:\/\/www.ctverka.net\/?page_id=23"},"modified":"2025-09-07T12:06:39","modified_gmt":"2025-09-07T10:06:39","slug":"kontakty","status":"publish","type":"page","link":"https:\/\/8pp.skautifm.cz\/index.php\/kontakty\/","title":{"rendered":"Kontaktn\u00ed \u00fadaje"},"content":{"rendered":"<p>Jun\u00e1k &#8211; \u010desk\u00fd skaut, st\u0159edisko 8.\u00a0p\u011b\u0161\u00edho pluku Slezsk\u00e9ho Fr\u00fddek-M\u00edstek, z.\u00a0s.<br \/>\n28.\u00a0\u0159\u00edjna\u00a0781<br \/>\n738\u00a001\u00a0Fr\u00fddek-M\u00edstek<\/p>\n<p>I\u010c: <span id=\"ctl00_ctl00_ContentPlaceHolder1_ContentPlaceHolder_IC\" class=\"value\">47999853<br \/>\nDI\u010c: nejsme pl\u00e1tci DPH<\/span><\/p>\n<p><span id=\"ctl00_ctl00_ContentPlaceHolder1_ContentPlaceHolder_IC\" class=\"value\">\u010c\u00edslo \u00fa\u010dtu: 2400192485\/2010<br \/>\n<\/span><label class=\"control-label\">Spisov\u00e1 zna\u010dka: <\/label><span id=\"ctl00_ctl00_ContentPlaceHolder1_ContentPlaceHolder_FileReference\" class=\"value\">L 38550 veden\u00e1 u M\u011bstsk\u00e9ho soudu v Praze<\/span><\/p>\n<p>ID datov\u00e9 schr\u00e1nky: r5w5ws4<\/p>\n<h3><b>Prim\u00e1rn\u00ed kontakt pro rodi\u010de<br \/>\n<\/b><\/h3>\n<p><b>Martin B\u0159enek &#8211; Anonym<\/b><br \/>\nAnonym@skaut.cz<br \/>\n734 308 484<\/p>\n<h1>Koresponden\u010dn\u00ed adresa<\/h1>\n<p><b>Jan Tk\u00e1\u010d<\/b><br \/>\nJun\u00e1k &#8211; \u010desk\u00fd skaut, st\u0159edisko 8.\u00a0p\u011b\u0161\u00edho pluku Slezsk\u00e9ho Fr\u00fddek-M\u00edstek, z.\u00a0s.<br \/>\nKozlovice 990<br \/>\n739 47 Kozlovice<\/p>\n<h1>Veden\u00ed st\u0159ediska<\/h1>\n<h4>Vedouc\u00ed st\u0159ediska<\/h4>\n<p><strong>Mgr. Jan Tk\u00e1\u010d &#8211; Orel<\/strong><br \/>\njan.tkac@skaut.cz<\/p>\n<h4><strong>Z\u00e1stupce vedouc\u00edho st\u0159ediska<\/strong><\/h4>\n<p><strong>Mgr. So\u0148a Teleck\u00e1 &#8211; Son\u00edk<\/strong><br \/>\nsona.telecka@skaut.cz<\/p>\n<h2>Odd\u00edly &#8211; Jedni\u010dka a \u010ctverka<\/h2>\n<p>P\u0159esto\u017ee jsou Jedni\u010dka a \u010ctverka form\u00e1ln\u011b samostatn\u00e9 odd\u00edly, funguj\u00ed ve velmi \u00fazk\u00e9 spolupr\u00e1ci a maj\u00ed i jedno veden\u00ed &#8211; jednoho spole\u010dn\u00e9ho v\u016fdce odd\u00edlu a dva z\u00e1stupce.<\/p>\n<h4>Vedouc\u00ed odd\u00edlu<\/h4>\n<p><strong>Barbora Pe\u0161i\u010dkov\u00e1<\/strong><br \/>\nbarca.2005@skaut.cz<\/p>\n<h4>Z\u00e1stupce vedouc\u00ed odd\u00edlu<\/h4>\n<p><b>Daniel T\u00f3th &#8211; Hrabo\u0161\u00a0<\/b><br \/>\ndaniel.hrabos.toth@skaut.cz<\/p>\n<p><strong>Hana <b>T\u00f3thov\u00e1 &#8211; O\u010dko<\/b><\/strong><br \/>\nhanca.tothova@skaut.cz<\/p>\n<hr \/>\n<h2>Kontakty na r\u00e1dce<\/h2>\n<h3>Pond\u011bl\u00ed &#8211; Benjam\u00ednci (kluci a holky 5-6 let)<\/h3>\n<table style=\"height: 81px;\" width=\"740\">\n<tbody>\n<tr>\n<td><b>(Kl\u00ed\u0161t\u011b) Kl\u00e1ra Slep\u00e1kov\u00e1<\/b><\/td>\n<td>732 731 100<\/td>\n<td>klarkaslepakova@seznam.cz<\/td>\n<\/tr>\n<tr>\n<td><span style=\"font-weight: 400;\">Andy Olejn\u00edkov\u00e1<\/span><\/td>\n<td>732 356 612<\/td>\n<td>olejnikova.andrea@skaut.cz<\/td>\n<\/tr>\n<\/tbody>\n<\/table>\n<h3>\u00dater\u00fd &#8211; sv\u011btlu\u0161ky (7-11 let)<\/h3>\n<table style=\"height: 81px;\" width=\"740\">\n<tbody>\n<tr>\n<td>O\u0159\u00ed\u0161ek (Linda Zike\u0161ov\u00e1)<\/td>\n<td>735 594 195<\/td>\n<td>linda.zikesova@skaut.cz<\/td>\n<\/tr>\n<tr>\n<td>\u010c\u00ed\u010da (Karol\u00edna Kol\u00e1\u0159ov\u00e1)<\/td>\n<td>732 201 281<\/td>\n<td>karolina.kolarova@skaut.cz<\/td>\n<\/tr>\n<\/tbody>\n<\/table>\n<h3><span style=\"color: revert; font-size: revert; font-weight: revert;\">\u00dater\u00fd &#8211; vl\u010data (kluci 7-10 let)<\/span><\/h3>\n<table style=\"height: 104px;\" width=\"741\">\n<tbody>\n<tr>\n<td><strong>Ta\u0165\u00e1na Kmo\u0161\u0165\u00e1kov\u00e1<\/strong><\/td>\n<td>\u00a0792 420 749<\/td>\n<td><span style=\"font-weight: 400;\">tatana.kmostakova@gmail.com<\/span><\/td>\n<\/tr>\n<tr>\n<td>Drobek (Jan Slep\u00e1k)<\/td>\n<td><\/td>\n<td><\/td>\n<\/tr>\n<tr>\n<td>Jakub B\u0159ezina<\/td>\n<td><\/td>\n<td><\/td>\n<\/tr>\n<\/tbody>\n<\/table>\n<h3><span style=\"color: revert; font-size: revert; font-weight: revert;\">\u010ctvrtek &#8211; koedukovan\u00e1 dru\u017eina (kluci a holky 11-15 let)<\/span><\/h3>\n<table style=\"height: 102px;\" width=\"741\">\n<tbody>\n<tr>\n<td><strong>Barbora Pe\u0161i\u010dkov\u00e1<\/strong><\/td>\n<td><span style=\"font-weight: 400;\">732 617 801<\/span><\/td>\n<td>barca.2005@skaut.cz<\/td>\n<\/tr>\n<tr>\n<td>Kl\u00e1ra Smolar\u010dukov\u00e1<\/td>\n<td><\/td>\n<td><\/td>\n<\/tr>\n<tr>\n<td>Svi\u0161t\u00edk (Pavl\u00edna Fuskov\u00e1)<\/td>\n<td><\/td>\n<td><\/td>\n<\/tr>\n<\/tbody>\n<\/table>\n<h3>Jednou m\u011bs\u00ed\u010dn\u011b &#8211; rove\u0159i a rangers (kluci a holky 15+)<\/h3>\n<table style=\"height: 81px;\" width=\"740\">\n<tbody>\n<tr>\n<td><b>Bub\u00e1k (Alexandr Escalante)<\/b><\/td>\n<td>733 281 960<\/td>\n<td>bubak77@skaut.cz<\/td>\n<\/tr>\n<tr>\n<td>Zub\u011bnka (Anna Bukovjanov\u00e1)<\/td>\n<td><\/td>\n<td><\/td>\n<\/tr>\n<\/tbody>\n<\/table>\n<hr \/>\n<h1>Kde n\u00e1s najdete?<\/h1>\n<p>Klubovnu m\u00e1me v\u00a0M\u00edstku na\u00a0Rivi\u00e9\u0159e, v b\u00e9\u017eov\u00e9 jednopodla\u017en\u00ed budov\u011b, vedle <em>restaurace Golf<\/em> naproti zast\u00e1vky M\u00edstek, Mozartova.<\/p>\n<p><iframe loading=\"lazy\" style=\"border: 1px solid black;\" src=\"http:\/\/www.openstreetmap.org\/export\/embed.html?bbox=18.33974361419678%2C49.66480850796832%2C18.368067741394047%2C49.67775100964319&amp;layer=mapnik&amp;marker=49.67128018928788%2C18.35390567779541\" width=\"1280\" height=\"720\" frameborder=\"0\" marginwidth=\"0\" marginheight=\"0\" scrolling=\"no\"><\/iframe><br \/>\n<small><a href=\"http:\/\/www.openstreetmap.org\/?mlat=49.6713&amp;mlon=18.3539#map=16\/49.6713\/18.3539\">View Larger Map<\/a><\/small><\/p>\n<p><!--<iframe loading=\"lazy\" style=\"border: none;\" src=\"https:\/\/api.mapy.cz\/frame?params=%7B%22x%22%3A18.351788484952493%2C%22y%22%3A49.6741234345882%2C%22base%22%3A%2227%22%2C%22layers%22%3A%5B%5D%2C%22zoom%22%3A15%2C%22url%22%3A%22https%3A%2F%2Fmapy.cz%2Fs%2F1WYbP%22%2C%22mark%22%3A%7B%22x%22%3A%2218.353939616582437%22%2C%22y%22%3A%2249.67126110013948%22%2C%22title%22%3A%2228.%20%C5%99%C3%ADjna%20781%2C%20Fr%C3%BDdek-M%C3%ADstek%22%7D%2C%22overview%22%3Afalse%7D&amp;width=700&amp;height=466&amp;lang=cs\" width=\"700\" height=\"466\" frameborder=\"0\"><\/iframe>--><\/p>\n","protected":false},"excerpt":{"rendered":"<p>Jun\u00e1k &#8211; \u010desk\u00fd skaut, st\u0159edisko 8.\u00a0p\u011b\u0161\u00edho pluku Slezsk\u00e9ho Fr\u00fddek-M\u00edstek, z.\u00a0s. 28.\u00a0\u0159\u00edjna\u00a0781 738\u00a001\u00a0Fr\u00fddek-M\u00edstek I\u010c: 47999853 DI\u010c: nejsme pl\u00e1tci DPH \u010c\u00edslo \u00fa\u010dtu: 2400192485\/2010 Spisov\u00e1 zna\u010dka: L 38550 veden\u00e1 u M\u011bstsk\u00e9ho soudu v Praze ID datov\u00e9 schr\u00e1nky: r5w5ws4 Prim\u00e1rn\u00ed kontakt pro rodi\u010de Martin B\u0159enek &#8211; Anonym Anonym@skaut.cz 734 308 484 Koresponden\u010dn\u00ed adresa Jan Tk\u00e1\u010d Jun\u00e1k &#8211; \u010desk\u00fd skaut, <a href=\"https:\/\/8pp.skautifm.cz\/index.php\/kontakty\/\" rel=\"nofollow\"><span class=\"sr-only\">P\u0159e\u010d\u00edst si v\u00edc oKontaktn\u00ed \u00fadaje<\/span>[&hellip;]<\/a><\/p>\n","protected":false},"author":1,"featured_media":0,"parent":0,"menu_order":0,"comment_status":"closed","ping_status":"closed","template":"template-fullwidth.php","meta":[],"_links":{"self":[{"href":"https:\/\/8pp.skautifm.cz\/index.php\/wp-json\/wp\/v2\/pages\/23"}],"collection":[{"href":"https:\/\/8pp.skautifm.cz\/index.php\/wp-json\/wp\/v2\/pages"}],"about":[{"href":"https:\/\/8pp.skautifm.cz\/index.php\/wp-json\/wp\/v2\/types\/page"}],"author":[{"embeddable":true,"href":"https:\/\/8pp.skautifm.cz\/index.php\/wp-json\/wp\/v2\/users\/1"}],"replies":[{"embeddable":true,"href":"https:\/\/8pp.skautifm.cz\/index.php\/wp-json\/wp\/v2\/comments?post=23"}],"version-history":[{"count":90,"href":"https:\/\/8pp.skautifm.cz\/index.php\/wp-json\/wp\/v2\/pages\/23\/revisions"}],"predecessor-version":[{"id":1891,"href":"https:\/\/8pp.skautifm.cz\/index.php\/wp-json\/wp\/v2\/pages\/23\/revisions\/1891"}],"wp:attachment":[{"href":"https:\/\/8pp.skautifm.cz\/index.php\/wp-json\/wp\/v2\/media?parent=23"}],"curies":[{"name":"wp","href":"https:\/\/api.w.org\/{rel}","templated":true}]}}