{"id":56,"date":"2017-08-14T23:23:36","date_gmt":"2017-08-14T21:23:36","guid":{"rendered":"http:\/\/www.ctverka.net\/?page_id=56"},"modified":"2019-09-12T12:13:06","modified_gmt":"2019-09-12T10:13:06","slug":"skauting","status":"publish","type":"page","link":"https:\/\/8pp.skautifm.cz\/index.php\/skauting\/","title":{"rendered":"Skauting"},"content":{"rendered":"<p>Skausk\u00e9 hnut\u00ed je nejv\u011bt\u0161\u00ed mezin\u00e1rodn\u00ed v\u00fdchovnou organizac\u00ed na sv\u011bt\u011b a krom\u011b n\u011bkolika st\u00e1t\u016f s autoritativn\u00edmi re\u017eimy (Andora, Barma, \u010c\u00edna, Laos a Severn\u00ed Korea) jsou sou\u010d\u00e1st\u00ed tohoto celku v\u0161echny zem\u011b. Je to spole\u010denstv\u00ed lid\u00ed r\u016fzn\u00fdch n\u00e1rodnost\u00ed, ras, vyzn\u00e1n\u00ed a jazyk\u016f, ale p\u0159esto je v\u0161echny dok\u00e1\u017ee sjednotit jedin\u00e1 my\u0161lenka &#8211; vytv\u00e1\u0159et sv\u011bt okolo n\u00e1s lep\u0161\u00edm.<\/p>\n<h1>Parta a p\u0159\u00edle\u017eitost<\/h1>\n<p>Skautsk\u00e9 hnut\u00ed existuje u\u017e v\u00edce ne\u017e sto let, a proto se lze o n\u011bm bavit jako o pru\u017en\u00e9 organizaci, kter\u00e1 b\u011bhem sv\u00e9ho v\u00fdvoje jist\u011b nasb\u00edrala mnoho zku\u0161enost\u00ed.<\/p>\n<p>Skauting je \u010dasto popisov\u00e1n dv\u011bma nejd\u016fle\u017eit\u011bj\u0161\u00edmi slovy &#8211; <em>parta a p\u0159\u00edle\u017eitost.<\/em>\u00a0Ale co si m\u016f\u017eeme konkr\u00e9tn\u011b pod t\u011bmito slovy p\u0159edstavit?<\/p>\n<p>Je to skupina d\u011bt\u00ed, p\u0159\u00e1tel, kamar\u00e1d\u016f, kte\u0159\u00ed se v\u017edy jednou t\u00fddn\u011b sch\u00e1zej\u00ed a vytv\u00e1\u0159\u00ed tak mezi sebou pevn\u011bj\u0161\u00ed vztahy. Pomoc\u00ed her a dal\u0161\u00edho programu se u\u010d\u00ed d\u016fle\u017eit\u00fdm vlastnostem jako je spolupr\u00e1ce, schopnost mluvit p\u0159ed lidmi, ale i naslouchat jim, respektovat a pom\u00e1hat. Ka\u017ed\u00fd z \u010dlen\u016f m\u00e1 v t\u00e9to dru\u017ein\u011b ur\u010dit\u00e9 postaven\u00ed a \u010dasem se dru\u017eina bez n\u011bj neobejde. Spr\u00e1vn\u011b funguj\u00edc\u00ed dru\u017eina je parta cca. stejn\u011b star\u00fdch (mlad\u00fdch) kluk\u016f, kte\u0159\u00ed se u\u017e del\u0161\u00ed dobu znaj\u00ed, jsou sehran\u00ed, v\u011bd\u00ed co od koho o\u010dek\u00e1vat a dok\u00e1\u017eou snadno \u0159e\u0161it probl\u00e9my. Pokud ale p\u0159esto n\u011bco nevyjde, tak je tady r\u00e1dce &#8211; \u010dlov\u011bk zpravidla star\u0161\u00ed 15 let, ale maxim\u00e1ln\u011b o dva roky star\u0161\u00ed ne\u017e zbytek dru\u017einy. Tento \u010dlov\u011bk je m\u00e1 za \u00fakol podporovat a pom\u00e1hat jim v seberealizaci a rozvoji. Z\u00e1rove\u0148 by ale nem\u011bl fungovat jako vedouc\u00ed, ale sp\u00ed\u0161e jako star\u0161\u00ed kamar\u00e1d, kter\u00fd je v\u017edy ochotn\u00fd pomoct a jde cel\u00e9 dru\u017ein\u011b p\u0159\u00edkladem.<\/p>\n<p>Skauting je z\u00e1rove\u0148 nekone\u010dn\u00e1 mo\u017enost sebezdokonalov\u00e1n\u00ed v r\u016fzn\u00fdch oblastech &#8211; fyzick\u00fdch i psychick\u00fdch. U\u010d\u00ed \u010dlov\u011bka postarat se s\u00e1m o sebe, rozhodovat se (br\u00e1t p\u0159itom i ohled na okol\u00ed), p\u0159evz\u00edt zodpov\u011bdnost, apod. D\u00edt\u011b (v tomto p\u0159\u00edpad\u011b sp\u00ed\u0161e mlad\u0161\u00ed) se sezn\u00e1m\u00ed s modern\u00ed technikou, zkus\u00ed s n\u00ed pracovat. Tak\u00e9 mo\u017enost p\u0159ekon\u00e1vat s\u00e1m sebe a porovn\u00e1vat se s ostatn\u00edmi m\u016f\u017ee b\u00fdt velice atraktivn\u00ed.<\/p>\n<h1>V \u010dem jsme jin\u00ed?<\/h1>\n<p>To, co n\u00e1s v\u00edce \u010di m\u00e9n\u011b odli\u0161uje od ostatn\u00edch organizac\u00ed pracuj\u00edc\u00edch s d\u011btmi a ml\u00e1de\u017e\u00ed, je <strong>skautsk\u00e1 v\u00fdchovn\u00e1 metoda<\/strong>. Je zalo\u017eena na t\u011bchto sedmi prvc\u00edch:<\/p>\n<ul>\n<li><strong>Slib a\u00a0z\u00e1kon<\/strong> \u2013 skautsk\u00e1 v\u00fdchova je p\u0159edev\u0161\u00edm sebev\u00fdchovou, v\u00a0n\u00ed\u017e kl\u00ed\u010dovou roli hraje up\u0159\u00edmn\u00fd dobrovoln\u00fd z\u00e1vazek sna\u017eit se \u017e\u00edt podle skautsk\u00fdch princip\u016f. Slo\u017een\u00edm slibu se skaut hl\u00e1s\u00ed k\u00a0hodnot\u00e1m, stejn\u011b jako ke\u00a0spole\u010denstv\u00ed, se kter\u00fdm tyto hodnoty sd\u00edl\u00ed. Z\u00e1kon mu pom\u00e1h\u00e1 tyto hodnoty nach\u00e1zet v\u00a0ka\u017edodenn\u00edm \u017eivot\u011b. Slib a\u00a0z\u00e1kon je tak z\u00e1kladn\u00ed oporou jeho duchovn\u00edho \u017eivota.<\/li>\n<li><strong>U\u010den\u00ed se zku\u0161enost\u00ed<\/strong> \u2013 skautsk\u00e1 v\u00fdchovn\u00e1 metoda se op\u00edr\u00e1 o\u00a0vlastn\u00ed aktivitu a\u00a0\u010dinnost; vych\u00e1z\u00ed z\u00a0p\u0159esv\u011bd\u010den\u00ed, \u017ee \u010dlov\u011bk se nejl\u00e9pe n\u011bco nau\u010d\u00ed t\u00edm, \u017ee to d\u011bl\u00e1; \u017ee znalosti, dovednosti i\u00a0postoje si osvoj\u00ed nejl\u00e9pe za\u00a0pomoci vlastn\u00edch pro\u017eitk\u016f a\u00a0zku\u0161enost\u00ed. Z\u00a0t\u00e9to z\u00e1sady nen\u00ed vyjmuta ani v\u00fdchova mravn\u00ed; skauting neusiluje jen o\u00a0to, aby \u010dlov\u011bk nebyl \u0161patn\u00fd; usiluje o\u00a0to, aby dobro \u010dinil. Proto je sou\u010d\u00e1st\u00ed skautsk\u00e9 sebev\u00fdchovy i\u00a0z\u00e1sada vykonat ka\u017ed\u00fd den alespo\u0148 jeden dobr\u00fd skutek. Rovn\u011b\u017e v\u00fdchova k\u00a0odpov\u011bdnosti v\u016f\u010di druh\u00fdm vych\u00e1z\u00ed z\u00a0\u010din\u016f: ze skute\u010dn\u00e9 slu\u017eby spole\u010dnosti a\u00a0bli\u017en\u00edm.<\/li>\n<li><strong>Dru\u017eina<\/strong> \u2013 skauting klade d\u016fraz nejen na\u00a0v\u00fdchovu v\u0161estrann\u011b rozvinut\u00e9ho \u010dlov\u011bka; klade d\u016fraz i\u00a0na\u00a0jeho roli soci\u00e1ln\u00ed, na\u00a0schopnost b\u00fdt platn\u00fdm a\u00a0odpov\u011bdn\u00fdm \u010dlenem spole\u010denstv\u00ed. I\u00a0proto se skautsk\u00e1 v\u00fdchova odehr\u00e1v\u00e1 p\u0159edev\u0161\u00edm v\u00a0mal\u00e9, p\u0159irozen\u00e9 skupin\u011b vrstevn\u00edk\u016f, kter\u00e1 p\u0159edstavuje pro mlad\u00e9ho \u010dlov\u011bka citov\u00e9 z\u00e1zem\u00ed stejn\u011b jako v\u00fdzvu jeho rozv\u00edjej\u00edc\u00edm se soci\u00e1ln\u00edm dovednostem a\u00a0umo\u017e\u0148uje l\u00e9pe odhalit jeho siln\u00e9 str\u00e1nky a\u00a0uplatnit je ve\u00a0prosp\u011bch celku.<\/li>\n<li><strong>Symbolick\u00fd r\u00e1mec<\/strong> \u2013 v\u00fdchova mlad\u00fdch lid\u00ed je \u00fa\u010dinn\u00e1, jen zaujme-li je a\u00a0hovo\u0159\u00ed-li k\u00a0nim jazykem, kter\u00e9mu rozum\u00ed a\u00a0kter\u00fd je oslovuje. Skauting proto pou\u017e\u00edv\u00e1 her, p\u0159\u00edb\u011bh\u016f, symbol\u016f a\u00a0vzor\u016f, kter\u00e9 jsou pro mlad\u00e9 lidi p\u0159ita\u017eliv\u00e9, inspirativn\u00ed a\u00a0obohacuj\u00edc\u00ed; t\u00edm jim p\u0159ibli\u017euje i\u00a0hodnoty, z\u00a0nich\u017e skauting vych\u00e1z\u00ed.<\/li>\n<li><strong>P\u0159\u00edroda<\/strong> \u2013 pro skauting je p\u0159\u00edroda nejen nejp\u0159irozen\u011bj\u0161\u00edm v\u00fdchovn\u00fdm prost\u0159ed\u00edm; je i\u00a0p\u0159edm\u011btem z\u00e1jmu, p\u00e9\u010de a\u00a0ochrany; stejn\u011b, jako je zdrojem citov\u00e9ho a\u00a0duchovn\u00edho rozvoje.<\/li>\n<li><strong>Program osobn\u00edho r\u016fstu<\/strong> \u2013 skauting usiluje nejen o\u00a0to, nab\u00eddnout pestr\u00fd a\u00a0p\u0159ita\u017eliv\u00fd program mlad\u00fdm lidem ka\u017ed\u00e9 v\u011bkov\u00e9 kategorie; podporuje i\u00a0v\u0161estrann\u00fd individu\u00e1ln\u00ed rozvoj ka\u017ed\u00e9ho \u010dlena zalo\u017een\u00fd na\u00a0jeho vnit\u0159n\u00ed motivaci a\u00a0jej\u00ed podpo\u0159e.<\/li>\n<li><strong>Dosp\u011bl\u00ed pr\u016fvodci<\/strong> \u2013 dosp\u011bl\u00ed ve\u00a0skautingu hraj\u00ed roli pr\u016fvodc\u016f mlad\u00e9ho \u010dlov\u011bka, tedy t\u011bch, kte\u0159\u00ed mu nejen ukazuj\u00ed cestu, ale tak\u00e9 mu pom\u00e1haj\u00ed, podporuj\u00ed jej a\u00a0povzbuzuj\u00ed; to v\u0161e s\u00a0respektem k\u00a0jedine\u010dn\u00e9 lidsk\u00e9 bytosti, kter\u00e1 d\u0159\u00edve nebo pozd\u011bji mus\u00ed za\u00a0svou cestu p\u0159evz\u00edt plnou odpov\u011bdnost.<\/li>\n<\/ul>\n<p>Odd\u00edl je sou\u010d\u00e1st\u00ed nejv\u011bt\u0161\u00ed skautsk\u00e9 asociace v \u010cesk\u00e9 republice:\u00a0<a href=\"https:\/\/www.skaut.cz\">Jun\u00e1ka &#8211; \u010desk\u00e9ho skauta, z. s.<\/a> Popis skautsk\u00e9 v\u00fdchovn\u00e9 metody jsme p\u0159evzali p\u0159\u00edmo <a href=\"https:\/\/www.skaut.cz\/sites\/default\/files\/stanovy_junaka_0.pdf\">z jeho stanov<\/a>. Jun\u00e1k je\u00a0z\u00e1rove\u0148 jedin\u00fdm \u010dlenem <a href=\"https:\/\/www.scout.org\/\">sv\u011btov\u00e9 organizace skautsk\u00e9ho hnut\u00ed (WOSM)<\/a>\u00a0v \u010cR.<\/p>\n","protected":false},"excerpt":{"rendered":"<p>Skausk\u00e9 hnut\u00ed je nejv\u011bt\u0161\u00ed mezin\u00e1rodn\u00ed v\u00fdchovnou organizac\u00ed na sv\u011bt\u011b a krom\u011b n\u011bkolika st\u00e1t\u016f s autoritativn\u00edmi re\u017eimy (Andora, Barma, \u010c\u00edna, Laos a Severn\u00ed Korea) jsou sou\u010d\u00e1st\u00ed tohoto celku v\u0161echny zem\u011b. Je to spole\u010denstv\u00ed lid\u00ed r\u016fzn\u00fdch n\u00e1rodnost\u00ed, ras, vyzn\u00e1n\u00ed a jazyk\u016f, ale p\u0159esto je v\u0161echny dok\u00e1\u017ee sjednotit jedin\u00e1 my\u0161lenka &#8211; vytv\u00e1\u0159et sv\u011bt okolo n\u00e1s lep\u0161\u00edm. Parta a <a href=\"https:\/\/8pp.skautifm.cz\/index.php\/skauting\/\" rel=\"nofollow\"><span class=\"sr-only\">P\u0159e\u010d\u00edst si v\u00edc oSkauting<\/span>[&hellip;]<\/a><\/p>\n","protected":false},"author":1,"featured_media":0,"parent":0,"menu_order":0,"comment_status":"closed","ping_status":"closed","template":"template-fullwidth.php","meta":[],"_links":{"self":[{"href":"https:\/\/8pp.skautifm.cz\/index.php\/wp-json\/wp\/v2\/pages\/56"}],"collection":[{"href":"https:\/\/8pp.skautifm.cz\/index.php\/wp-json\/wp\/v2\/pages"}],"about":[{"href":"https:\/\/8pp.skautifm.cz\/index.php\/wp-json\/wp\/v2\/types\/page"}],"author":[{"embeddable":true,"href":"https:\/\/8pp.skautifm.cz\/index.php\/wp-json\/wp\/v2\/users\/1"}],"replies":[{"embeddable":true,"href":"https:\/\/8pp.skautifm.cz\/index.php\/wp-json\/wp\/v2\/comments?post=56"}],"version-history":[{"count":4,"href":"https:\/\/8pp.skautifm.cz\/index.php\/wp-json\/wp\/v2\/pages\/56\/revisions"}],"predecessor-version":[{"id":162,"href":"https:\/\/8pp.skautifm.cz\/index.php\/wp-json\/wp\/v2\/pages\/56\/revisions\/162"}],"wp:attachment":[{"href":"https:\/\/8pp.skautifm.cz\/index.php\/wp-json\/wp\/v2\/media?parent=56"}],"curies":[{"name":"wp","href":"https:\/\/api.w.org\/{rel}","templated":true}]}}